{"id":3540,"date":"2024-12-07T16:31:41","date_gmt":"2024-12-07T15:31:41","guid":{"rendered":"https:\/\/neu2024.ullrich-anlagenbau.de\/?page_id=3540"},"modified":"2024-12-16T10:37:47","modified_gmt":"2024-12-16T09:37:47","slug":"datenschutz","status":"publish","type":"page","link":"https:\/\/ullrich-anlagenbau.de\/en\/datenschutz\/","title":{"rendered":"Data protection"},"content":{"rendered":"<div  class='flex_column av-g3fajj-fd03bd9d5db013a382492a11958fb3f0 av_one_full  avia-builder-el-0  avia-builder-el-no-sibling  first flex_column_div'     ><p>\n<style type=\"text\/css\" data-created_by=\"avia_inline_auto\" id=\"style-css-av-bdgohb-0eff6c36cfef14c3ffdaf7815386b672\">\n#top .av-special-heading.av-bdgohb-0eff6c36cfef14c3ffdaf7815386b672{\npadding-bottom:10px;\n}\nbody .av-special-heading.av-bdgohb-0eff6c36cfef14c3ffdaf7815386b672 .av-special-heading-tag .heading-char{\nfont-size:25px;\n}\n.av-special-heading.av-bdgohb-0eff6c36cfef14c3ffdaf7815386b672 .av-subheading{\nfont-size:15px;\n}\n<\/style>\n<div  class='av-special-heading av-bdgohb-0eff6c36cfef14c3ffdaf7815386b672 av-special-heading-h2 meta-heading blockquote modern-quote modern-centered  avia-builder-el-1  el_before_av_textblock  avia-builder-el-first'><h2 class='av-special-heading-tag'  itemprop=\"headline\"  >Data protection<\/h2><div class=\"special-heading-border\"><div class=\"special-heading-inner-border\"><\/div><\/div><\/div><br \/>\n<section  class='av_textblock_section av-m4eby6oy-e87c4d75eff985190b64163cd99de205'   itemscope=\"itemscope\" itemtype=\"https:\/\/schema.org\/CreativeWork\" ><div class='avia_textblock'  itemprop=\"text\" ><h4 style=\"text-align: center;\">1. Datenschutz auf einen Blick<\/h4>\n<h5 style=\"text-align: center;\">Datenerfassung auf unserer Website<\/h5>\n<p style=\"text-align: center;\"><strong>Wer ist verantwortlich f\u00fcr die Datenerfassung auf dieser Website?<\/strong><\/p>\n<p style=\"text-align: center;\">Die Datenverarbeitung auf dieser Website erfolgt durch den Websitebetreiber. Dessen Kontaktdaten k\u00f6nnen Sie dem Impressum dieser Website entnehmen.<\/p>\n<p style=\"text-align: center;\"><strong>Wie erfassen wir Ihre Daten?<\/strong><\/p>\n<p style=\"text-align: center;\">Ihre Daten werden zum einen dadurch erhoben, dass Sie uns diese mitteilen. Hierbei kann es sich z.B. um Daten handeln, die Sie in ein Kontaktformular eingeben.<\/p>\n<p style=\"text-align: center;\">Andere Daten werden automatisch beim Besuch der Website durch unsere IT-Systeme erfasst. Das sind vor allem technische Daten (z.B. Internetbrowser, Betriebssystem oder Uhrzeit des Seitenaufrufs). Die Erfassung dieser Daten erfolgt automatisch, sobald Sie unsere Website betreten.<\/p>\n<p style=\"text-align: center;\"><strong>Wof\u00fcr nutzen wir Ihre Daten?<\/strong><\/p>\n<p style=\"text-align: center;\">Ein Teil der Daten wird erhoben, um eine fehlerfreie Bereitstellung der Website zu gew\u00e4hrleisten. Andere Daten k\u00f6nnen zur Analyse Ihres Nutzerverhaltens verwendet werden.<\/p>\n<p style=\"text-align: center;\"><strong>Welche Rechte haben Sie bez\u00fcglich Ihrer Daten?<\/strong><\/p>\n<p style=\"text-align: center;\">Sie haben jederzeit das Recht unentgeltlich Auskunft \u00fcber Herkunft, Empf\u00e4nger und Zweck Ihrer gespeicherten personenbezogenen Daten zu erhalten. Sie haben au\u00dferdem ein Recht, die Berichtigung, Sperrung oder L\u00f6schung dieser Daten zu verlangen. Hierzu sowie zu weiteren Fragen zum Thema Datenschutz k\u00f6nnen Sie sich jederzeit unter der im Impressum angegebenen Adresse an uns wenden. Des Weiteren steht Ihnen ein Beschwerderecht bei der zust\u00e4ndigen Aufsichtsbeh\u00f6rde zu.<\/p>\n<h5 style=\"text-align: center;\">Analyse-Tools und Tools von Drittanbietern<\/h5>\n<p style=\"text-align: center;\">Beim Besuch unserer Website kann Ihr Surf-Verhalten statistisch ausgewertet werden. Das geschieht vor allem mit Cookies und mit sogenannten Analyseprogrammen. Die Analyse Ihres Surf-Verhaltens erfolgt in der Regel anonym; das Surf-Verhalten kann nicht zu Ihnen zur\u00fcckverfolgt werden. Sie k\u00f6nnen dieser Analyse widersprechen oder sie durch die Nichtbenutzung bestimmter Tools verhindern. Detaillierte Informationen dazu finden Sie in der folgenden Datenschutzerkl\u00e4rung.<\/p>\n<p style=\"text-align: center;\">Sie k\u00f6nnen dieser Analyse widersprechen. \u00dcber die Widerspruchsm\u00f6glichkeiten werden wir Sie in dieser Datenschutzerkl\u00e4rung informieren.<\/p>\n<h4 style=\"text-align: center;\">2. Allgemeine Hinweise und Pflichtinformationen<\/h4>\n<h5 style=\"text-align: center;\">Hinweis zur verantwortlichen Stelle<\/h5>\n<p style=\"text-align: center;\">Die verantwortliche Stelle f\u00fcr die Datenverarbeitung auf dieser Website ist:<\/p>\n<p style=\"text-align: center;\">Ullrich Anlagenbau GmbH &amp; Co. KG<br \/>\nIm Siepen 38<br \/>\n58313 Herdecke<\/p>\n<p style=\"text-align: center;\">Telefon: 02330 \/ 60617-0<br \/>\n<a href=\"mailto:kontakt@ullrich-anlagenbau.de\" target=\"_blank\" rel=\"noopener\">E-Mail: kontakt@ullrich-anlagenbau.de<\/a><\/p>\n<p style=\"text-align: center;\">Verantwortliche Stelle ist die nat\u00fcrliche oder juristische Person, die allein oder gemeinsam mit anderen \u00fcber die Zwecke und Mittel der Verarbeitung von personenbezogenen Daten (z.B. Namen, E-Mail-Adressen o. \u00c4.) entscheidet.<\/p>\n<h5 style=\"text-align: center;\">Widerruf Ihrer Einwilligung zur Datenverarbeitung<\/h5>\n<p style=\"text-align: center;\">Viele Datenverarbeitungsvorg\u00e4nge sind nur mit Ihrer ausdr\u00fccklichen Einwilligung m\u00f6glich. Sie k\u00f6nnen eine bereits erteilte Einwilligung jederzeit widerrufen. Dazu reicht eine formlose Mitteilung per E-Mail an uns. Die Rechtm\u00e4\u00dfigkeit der bis zum Widerruf erfolgten Datenverarbeitung bleibt vom Widerruf unber\u00fchrt.<\/p>\n<h5 style=\"text-align: center;\">Beschwerderecht bei der zust\u00e4ndigen Aufsichtsbeh\u00f6rde<\/h5>\n<p style=\"text-align: center;\">Im Falle datenschutzrechtlicher Verst\u00f6\u00dfe steht dem Betroffenen ein Beschwerderecht bei der zust\u00e4ndigen Aufsichtsbeh\u00f6rde zu. Zust\u00e4ndige Aufsichtsbeh\u00f6rde in datenschutzrechtlichen Fragen ist der Landesdatenschutzbeauftragte des Bundeslandes, in dem unser Unternehmen seinen Sitz hat. Eine Liste der Datenschutzbeauftragten sowie deren Kontaktdaten k\u00f6nnen folgendem Link entnommen werden:\u00a0<a href=\"https:\/\/www.bfdi.bund.de\/DE\/Infothek\/Anschriften_Links\/anschriften_links-node.html\" target=\"_blank\" rel=\"noopener\" data-saferedirecturl=\"https:\/\/www.google.com\/url?hl=en&amp;q=https:\/\/www.bfdi.bund.de\/DE\/Infothek\/Anschriften_Links\/anschriften_links-node.html&amp;source=gmail&amp;ust=1527709972526000&amp;usg=AFQjCNGWoEa3cZeaY9GHi6xdTcCDH57HVA\">https:\/\/www.bfdi.bund.de\/DE\/<wbr \/>Infothek\/Anschriften_Links\/<wbr \/>anschriften_links-node.html<\/a>.<\/p>\n<h5 style=\"text-align: center;\">Recht auf Daten\u00fcbertragbarkeit<\/h5>\n<p style=\"text-align: center;\">Sie haben das Recht, Daten, die wir auf Grundlage Ihrer Einwilligung oder in Erf\u00fcllung eines Vertrags automatisiert verarbeiten, an sich oder an einen Dritten in einem g\u00e4ngigen, maschinenlesbaren Format aush\u00e4ndigen zu lassen. Sofern Sie die direkte \u00dcbertragung der Daten an einen anderen Verantwortlichen verlangen, erfolgt dies nur, soweit es technisch machbar ist.<\/p>\n<h5 style=\"text-align: center;\">SSL- bzw. TLS-Verschl\u00fcsselung<\/h5>\n<p style=\"text-align: center;\">Diese Seite nutzt aus Sicherheitsgr\u00fcnden und zum Schutz der \u00dcbertragung vertraulicher Inhalte, wie zum Beispiel Bestellungen oder Anfragen, die Sie an uns als Seitenbetreiber senden, eine SSL-bzw. TLS-Verschl\u00fcsselung. Eine verschl\u00fcsselte Verbindung erkennen Sie daran, dass die Adresszeile des Browsers von \u201chttp:\/\/\u201d auf \u201chttps:\/\/\u201d wechselt und an dem Schloss-Symbol in Ihrer Browserzeile.<\/p>\n<p style=\"text-align: center;\">Wenn die SSL- bzw. TLS-Verschl\u00fcsselung aktiviert ist, k\u00f6nnen die Daten, die Sie an uns \u00fcbermitteln, nicht von Dritten mitgelesen werden.<\/p>\n<h5 style=\"text-align: center;\">Auskunft, Sperrung, L\u00f6schung<\/h5>\n<p style=\"text-align: center;\">Sie haben im Rahmen der geltenden gesetzlichen Bestimmungen jederzeit das Recht auf unentgeltliche Auskunft \u00fcber Ihre gespeicherten personenbezogenen Daten, deren Herkunft und Empf\u00e4nger und den Zweck der Datenverarbeitung und ggf. ein Recht auf Berichtigung, Sperrung oder L\u00f6schung dieser Daten. Hierzu sowie zu weiteren Fragen zum Thema personenbezogene Daten k\u00f6nnen Sie sich jederzeit unter der im Impressum angegebenen Adresse an uns wenden.<\/p>\n<h4 style=\"text-align: center;\">3. Datenerfassung auf unserer Website<\/h4>\n<h5 style=\"text-align: center;\">Cookies<\/h5>\n<p style=\"text-align: center;\">Die Internetseiten verwenden teilweise so genannte Cookies. Cookies richten auf Ihrem Rechner keinen Schaden an und enthalten keine Viren. Cookies dienen dazu, unser Angebot nutzerfreundlicher, effektiver und sicherer zu machen. Cookies sind kleine Textdateien, die auf Ihrem Rechner abgelegt werden und die Ihr Browser speichert.<\/p>\n<p style=\"text-align: center;\">Die meisten der von uns verwendeten Cookies sind so genannte \u201cSession-Cookies\u201d. Sie werden nach Ende Ihres Besuchs automatisch gel\u00f6scht. Andere Cookies bleiben auf Ihrem Endger\u00e4t gespeichert bis Sie diese l\u00f6schen. Diese Cookies erm\u00f6glichen es uns, Ihren Browser beim n\u00e4chsten Besuch wiederzuerkennen.<\/p>\n<p style=\"text-align: center;\">Sie k\u00f6nnen Ihren Browser so einstellen, dass Sie \u00fcber das Setzen von Cookies informiert werden und Cookies nur im Einzelfall erlauben, die Annahme von Cookies f\u00fcr bestimmte F\u00e4lle oder generell ausschlie\u00dfen sowie das automatische L\u00f6schen der Cookies beim Schlie\u00dfen des Browser aktivieren. Bei der Deaktivierung von Cookies kann die Funktionalit\u00e4t dieser Website eingeschr\u00e4nkt sein.<\/p>\n<p style=\"text-align: center;\">Cookies, die zur Durchf\u00fchrung des elektronischen Kommunikationsvorgangs oder zur Bereitstellung bestimmter, von Ihnen erw\u00fcnschter Funktionen (z.B. Warenkorbfunktion) erforderlich sind, werden auf Grundlage von Art. 6 Abs. 1 lit. f DSGVO gespeichert. Der Websitebetreiber hat ein berechtigtes Interesse an der Speicherung von Cookies zur technisch fehlerfreien und optimierten Bereitstellung seiner Dienste. Soweit andere Cookies (z.B. Cookies zur Analyse Ihres Surfverhaltens) gespeichert werden, werden diese in dieser Datenschutzerkl\u00e4rung gesondert behandelt.<\/p>\n<h5 style=\"text-align: center;\">Server-Log-Dateien<\/h5>\n<p style=\"text-align: center;\">Der Provider der Seiten erhebt und speichert automatisch Informationen in so genannten Server-Log-Dateien, die Ihr Browser automatisch an uns \u00fcbermittelt. Dies sind:<\/p>\n<ul style=\"text-align: center;\">\n<li>Browsertyp und Browserversion<\/li>\n<li>verwendetes Betriebssystem<\/li>\n<li>Referrer URL<\/li>\n<li>Hostname des zugreifenden Rechners<\/li>\n<li>Uhrzeit der Serveranfrage<\/li>\n<li>IP-Adresse<\/li>\n<\/ul>\n<p style=\"text-align: center;\">Eine Zusammenf\u00fchrung dieser Daten mit anderen Datenquellen wird nicht vorgenommen.<\/p>\n<p style=\"text-align: center;\">Grundlage f\u00fcr die Datenverarbeitung ist Art. 6 Abs. 1 lit. f DSGVO, der die Verarbeitung von Daten zur Erf\u00fcllung eines Vertrags oder vorvertraglicher Ma\u00dfnahmen gestattet.<\/p>\n<h5 style=\"text-align: center;\">Kontaktformular<\/h5>\n<p style=\"text-align: center;\">Wenn Sie uns per Kontaktformular Anfragen zukommen lassen, werden Ihre Angaben aus dem Anfrageformular inklusive der von Ihnen dort angegebenen Kontaktdaten zwecks Bearbeitung der Anfrage und f\u00fcr den Fall von Anschlussfragen bei uns gespeichert. Diese Daten geben wir nicht ohne Ihre Einwilligung weiter.<\/p>\n<p style=\"text-align: center;\">Die Verarbeitung der in das Kontaktformular eingegebenen Daten erfolgt somit ausschlie\u00dflich auf Grundlage Ihrer Einwilligung (Art. 6 Abs. 1 lit. a DSGVO). Sie k\u00f6nnen diese Einwilligung jederzeit widerrufen. Dazu reicht eine formlose Mitteilung per E-Mail an uns. Die Rechtm\u00e4\u00dfigkeit der bis zum Widerruf erfolgten Datenverarbeitungsvorg\u00e4nge bleibt vom Widerruf unber\u00fchrt.<\/p>\n<p style=\"text-align: center;\">Die von Ihnen im Kontaktformular eingegebenen Daten verbleiben bei uns, bis Sie uns zur L\u00f6schung auffordern, Ihre Einwilligung zur Speicherung widerrufen oder der Zweck f\u00fcr die Datenspeicherung entf\u00e4llt (z.B. nach abgeschlossener Bearbeitung Ihrer Anfrage). Zwingende gesetzliche Bestimmungen \u2013 insbesondere Aufbewahrungsfristen \u2013 bleiben unber\u00fchrt.<\/p>\n<h4 style=\"text-align: center;\">4. Soziale Medien<\/h4>\n<h5 style=\"text-align: center;\">LinkedIn Plugin<\/h5>\n<p style=\"text-align: center;\">Unsere Website nutzt Funktionen des Netzwerks LinkedIn. Anbieter ist die LinkedIn Corporation, 2029 Stierlin Court, Mountain View, CA 94043, USA.<\/p>\n<p style=\"text-align: center;\">Bei jedem Abruf einer unserer Seiten, die Funktionen von LinkedIn enth\u00e4lt, wird eine Verbindung zu Servern von LinkedIn aufgebaut. LinkedIn wird dar\u00fcber informiert, dass Sie unsere Internetseiten mit Ihrer IP-Adresse besucht haben. Wenn Sie den &#8222;Recommend-Button&#8220; von LinkedIn anklicken und in Ihrem Account bei LinkedIn eingeloggt sind, ist es LinkedIn m\u00f6glich, Ihren Besuch auf unserer Internetseite Ihnen und Ihrem Benutzerkonto zuzuordnen. Wir weisen darauf hin, dass wir als Anbieter der Seiten keine Kenntnis vom Inhalt der \u00fcbermittelten Daten sowie deren Nutzung durch LinkedIn haben.<\/p>\n<p style=\"text-align: center;\">Weitere Informationen hierzu finden Sie in der Datenschutzerkl\u00e4rung von LinkedIn unter:\u00a0<a href=\"https:\/\/www.linkedin.com\/legal\/privacy-policy\" target=\"_blank\" rel=\"noopener\" data-saferedirecturl=\"https:\/\/www.google.com\/url?hl=en&amp;q=https:\/\/www.linkedin.com\/legal\/privacy-policy&amp;source=gmail&amp;ust=1527709972526000&amp;usg=AFQjCNEKZewzb34yMqHYSEc8saosaSxU3g\">https:\/\/www.linkedin.com\/<wbr \/>legal\/privacy-policy<\/a>.<\/p>\n<h5 style=\"text-align: center;\">XING Plugin<\/h5>\n<p style=\"text-align: center;\">Unsere Website nutzt Funktionen des Netzwerks XING. Anbieter ist die XING AG,\u00a0<a href=\"https:\/\/maps.google.com\/?q=Dammtorstra%C3%9Fe+29-32,+20354+Hamburg,+Deutschland&amp;entry=gmail&amp;source=g\">Dammtorstra\u00dfe 29-32, 20354 Hamburg, Deutschland<\/a>.<\/p>\n<p style=\"text-align: center;\">Bei jedem Abruf einer unserer Seiten, die Funktionen von XING enth\u00e4lt, wird eine Verbindung zu Servern von XING hergestellt. Eine Speicherung von personenbezogenen Daten erfolgt dabei nach unserer Kenntnis nicht. Insbesondere werden keine IP-Adressen gespeichert oder das Nutzungsverhalten ausgewertet.<\/p>\n<p style=\"text-align: center;\">Weitere Information zum Datenschutz und dem XING Share-Button finden Sie in der Datenschutzerkl\u00e4rung von XING unter:\u00a0<a href=\"https:\/\/www.xing.com\/app\/share?op=data_protection\" target=\"_blank\" rel=\"noopener\" data-saferedirecturl=\"https:\/\/www.google.com\/url?hl=en&amp;q=https:\/\/www.xing.com\/app\/share?op%3Ddata_protection&amp;source=gmail&amp;ust=1527709972526000&amp;usg=AFQjCNGAJdBj1eIx3glpbqMeO-POw3wJaw\">https:\/\/www.xing.com\/app\/<wbr \/>share?op=data_protection<\/a>.<\/p>\n<h4 style=\"text-align: center;\">5. Plugins und Tools<\/h4>\n<h5 style=\"text-align: center;\">Google Web Fonts<\/h5>\n<p style=\"text-align: center;\">Diese Seite nutzt zur einheitlichen Darstellung von Schriftarten so genannte Web Fonts, die von Google bereitgestellt werden. Beim Aufruf einer Seite l\u00e4dt Ihr Browser die ben\u00f6tigten Web Fonts in ihren Browsercache, um Texte und Schriftarten korrekt anzuzeigen.<\/p>\n<p style=\"text-align: center;\">Zu diesem Zweck muss der von Ihnen verwendete Browser Verbindung zu den Servern von Google aufnehmen. Hierdurch erlangt Google Kenntnis dar\u00fcber, dass \u00fcber Ihre IP-Adresse unsere Website aufgerufen wurde. Die Nutzung von Google Web Fonts erfolgt im Interesse einer einheitlichen und ansprechenden Darstellung unserer Online-Angebote. Dies stellt ein berechtigtes Interesse im Sinne von Art. 6 Abs. 1 lit. f DSGVO dar.<\/p>\n<p style=\"text-align: center;\">Wenn Ihr Browser Web Fonts nicht unterst\u00fctzt, wird eine Standardschrift von Ihrem Computer genutzt.<\/p>\n<p style=\"text-align: center;\">Weitere Informationen zu Google Web Fonts finden Sie unter\u00a0<a href=\"https:\/\/developers.google.com\/fonts\/faq\" target=\"_blank\" rel=\"noopener\" data-saferedirecturl=\"https:\/\/www.google.com\/url?hl=en&amp;q=https:\/\/developers.google.com\/fonts\/faq&amp;source=gmail&amp;ust=1527709972526000&amp;usg=AFQjCNFyU_-Pd-a2-OS1Ewc4SKPK2Ah1IQ\">https:\/\/developers.google.com\/<wbr \/>fonts\/faq<\/a>\u00a0und in der Datenschutzerkl\u00e4rung von Google:\u00a0<a href=\"https:\/\/www.google.com\/policies\/privacy\/\" target=\"_blank\" rel=\"noopener\" data-saferedirecturl=\"https:\/\/www.google.com\/url?hl=en&amp;q=https:\/\/www.google.com\/policies\/privacy\/&amp;source=gmail&amp;ust=1527709972526000&amp;usg=AFQjCNFI3xEmPZAIVF5eX_L6BGwIAGtZ1w\">https:\/\/www.google.com\/<wbr \/>policies\/privacy\/<\/a>.<\/p>\n<h5 style=\"text-align: center;\">Google Maps<\/h5>\n<p style=\"text-align: center;\">Diese Seite nutzt \u00fcber eine API den Kartendienst Google Maps. Anbieter ist die Google Inc., 1600 Amphitheatre Parkway, Mountain View, CA 94043, USA.<\/p>\n<p style=\"text-align: center;\">Zur Nutzung der Funktionen von Google Maps ist es notwendig, Ihre IP Adresse zu speichern. Diese Informationen werden in der Regel an einen Server von Google in den USA \u00fcbertragen und dort gespeichert. Der Anbieter dieser Seite hat keinen Einfluss auf diese Daten\u00fcbertragung.<\/p>\n<p style=\"text-align: center;\">Die Nutzung von Google Maps erfolgt im Interesse einer ansprechenden Darstellung unserer Online-Angebote und an einer leichten Auffindbarkeit der von uns auf der Website angegebenen Orte. Dies stellt ein berechtigtes Interesse im Sinne von Art. 6 Abs. 1 lit. f DSGVO dar.<\/p>\n<p style=\"text-align: center;\">Mehr Informationen zum Umgang mit Nutzerdaten finden Sie in der Datenschutzerkl\u00e4rung von Google:\u00a0<a href=\"https:\/\/www.google.de\/intl\/de\/policies\/privacy\/\" target=\"_blank\" rel=\"noopener\" data-saferedirecturl=\"https:\/\/www.google.com\/url?hl=en&amp;q=https:\/\/www.google.de\/intl\/de\/policies\/privacy\/&amp;source=gmail&amp;ust=1527709972526000&amp;usg=AFQjCNFScZH8IMf118hvEuLONV_EOa0G5g\">https:\/\/www.google.de\/intl\/de\/<wbr \/>policies\/privacy\/<\/a>.<\/p>\n<\/div><\/section><\/p><\/div>","protected":false},"excerpt":{"rendered":"","protected":false},"author":1,"featured_media":0,"parent":0,"menu_order":0,"comment_status":"open","ping_status":"closed","template":"","meta":{"footnotes":""},"class_list":["post-3540","page","type-page","status-publish","hentry"],"_links":{"self":[{"href":"https:\/\/ullrich-anlagenbau.de\/en\/wp-json\/wp\/v2\/pages\/3540","targetHints":{"allow":["GET"]}}],"collection":[{"href":"https:\/\/ullrich-anlagenbau.de\/en\/wp-json\/wp\/v2\/pages"}],"about":[{"href":"https:\/\/ullrich-anlagenbau.de\/en\/wp-json\/wp\/v2\/types\/page"}],"author":[{"embeddable":true,"href":"https:\/\/ullrich-anlagenbau.de\/en\/wp-json\/wp\/v2\/users\/1"}],"replies":[{"embeddable":true,"href":"https:\/\/ullrich-anlagenbau.de\/en\/wp-json\/wp\/v2\/comments?post=3540"}],"version-history":[{"count":2,"href":"https:\/\/ullrich-anlagenbau.de\/en\/wp-json\/wp\/v2\/pages\/3540\/revisions"}],"predecessor-version":[{"id":3552,"href":"https:\/\/ullrich-anlagenbau.de\/en\/wp-json\/wp\/v2\/pages\/3540\/revisions\/3552"}],"wp:attachment":[{"href":"https:\/\/ullrich-anlagenbau.de\/en\/wp-json\/wp\/v2\/media?parent=3540"}],"curies":[{"name":"wp","href":"https:\/\/api.w.org\/{rel}","templated":true}]}}